{"id":1873,"date":"2019-11-04T20:39:58","date_gmt":"2019-11-04T20:39:58","guid":{"rendered":"https:\/\/jongsma.nl\/?page_id=1873"},"modified":"2020-07-25T11:24:45","modified_gmt":"2020-07-25T11:24:45","slug":"iso-6346-identificatie","status":"publish","type":"page","link":"https:\/\/jongsma.nl\/?page_id=1873","title":{"rendered":"ISO 6346 Identificatie"},"content":{"rendered":"\n<div class=\"wp-block-image\"><figure class=\"aligncenter\"><img loading=\"lazy\" decoding=\"async\" width=\"334\" height=\"337\" src=\"https:\/\/jongsma.nl\/wp-content\/uploads\/2019\/11\/Container-deuren-3.png\" alt=\"Identifitcatie ISO 6346\" class=\"wp-image-1829\" srcset=\"https:\/\/jongsma.nl\/wp-content\/uploads\/2019\/11\/Container-deuren-3.png 334w, https:\/\/jongsma.nl\/wp-content\/uploads\/2019\/11\/Container-deuren-3-150x150.png 150w, https:\/\/jongsma.nl\/wp-content\/uploads\/2019\/11\/Container-deuren-3-297x300.png 297w\" sizes=\"auto, (max-width: 334px) 100vw, 334px\" \/><figcaption>Identificatie ISO 6346 <\/figcaption><\/figure><\/div>\n\n\n\n<h2 class=\"wp-block-heading\">Voor het coderen en identificeren van containers is ISO 6346 (International Organization for Standardization) van toepassing.<\/h2>\n\n\n\n<p>Elke container draagt een label met identificatie en technische gegevens: een uniek identificatienummer, waarbij het laatste cijfer een controlecijfer is. Het label bevat vervolgens de volgende gegevens: Het land waar hij is geregistreerd, de eigenaar, de tarra, het maximum netto- en het maximum brutogewicht. <\/p>\n\n\n\n<p>Het identificatienummer is als volgt opgebouwd: De eerste drie hoofdletters van het voorvoegsel (prefix) is de eigenaarcode, de laatste hoofdletter \u2018U\u2019 staat voor alle \u2018all freight containers\u2019. Als de laatste hoofdletter een \u2018J\u2019 is, staat dat voor alle \u2018detachable freight container-related equipment\u2019. Is de laatste hoofdletter een \u2018Z\u2019, dan staat dat voor \u2018trailers en chassis\u2019. Het registratienummer bevat 6 cijfers en een controlecijfer. <\/p>\n\n\n\n<p>De eigenaar moet uniek en geregistreerd zijn bij het bureau B.I.C. \u2018Bureau International des Containers\u2019. De letters en cijfers onder de identificatie nummer zijn de letters van het land, NL voor Nederland. En de cijfers (en letters) daarachter geven het type container en openingen weer. <\/p>\n\n\n\n<p>De prefix van Jongsma Containers B.V. is JOZU.<\/p>\n\n\n\n<figure class=\"wp-block-table\"><table><tbody><tr><td>JOZU<br>Eigenaarscode<\/td><td>875003<br>Serie nummer<\/td><td>4<br>Controlecijfer<\/td><\/tr><\/tbody><\/table><\/figure>\n\n\n\n<h2 class=\"wp-block-heading\">Belangrijkste kenmerken<\/h2>\n\n\n\n<figure class=\"wp-block-table\"><table><tbody><tr><td><strong>G<\/strong><\/td><td><strong>Container voor algemeen gebruik zonder ventilatie<\/strong><\/td><\/tr><\/tbody><\/table><\/figure>\n\n\n\n<figure class=\"wp-block-table\"><table><tbody><tr><td>Opening(en) aan \u00e9\u00e9n uiteinde of beide uiteinden<\/td><td>G0<\/td><\/tr><tr><td>Passieve ventilatieopeningen in het bovenste gedeelte van de laadruimte<\/td><td>G1<\/td><\/tr><tr><td>Opening(en) aan \u00e9\u00e9n of beide uiteinden plus &#8220;volledige&#8221; opening(en) aan <br>\u00e9\u00e9n of beide zijden<\/td><td>G2<\/td><\/tr><tr><td>Opening(en) aan \u00e9\u00e9n of beide uiteinden plus &#8220;gedeeltelijke&#8221; opening(en)  aan<br>\u00e9\u00e9n of beide zijden <\/td><td>G3<\/td><\/tr><\/tbody><\/table><\/figure>\n\n\n\n<figure class=\"wp-block-table\"><table><tbody><tr><td><strong>V<\/strong><\/td><td><strong>Container voor algemeen gebruik met ventilatie<\/strong><\/td><\/tr><\/tbody><\/table><\/figure>\n\n\n\n<figure class=\"wp-block-table\"><table><tbody><tr><td>Niet-mechanisch systeem, ventilatie openingen in onderste en bovenste <br>delen van de laadruimte<\/td><td>V0<\/td><\/tr><tr><td>Mechanisch ventilatiesysteem, intern geplaatst<\/td><td>V2<\/td><\/tr><tr><td>Mechanisch ventilatiesysteem, extern geplaatst<\/td><td>V4<\/td><\/tr><\/tbody><\/table><\/figure>\n\n\n\n<figure class=\"wp-block-table\"><table><tbody><tr><td><strong>B<\/strong><\/td><td><strong>Droge bulkcontainer                                                                                        <\/strong><\/td><\/tr><\/tbody><\/table><\/figure>\n\n\n\n<figure class=\"wp-block-table\"><table><tbody><tr><td>Niet-geperst, doostype, gesloten                     <\/td><td>B0<\/td><\/tr><tr><td>Niet-geperst, doostype, luchtdicht       <\/td><td>B1<\/td><\/tr><tr><td>Onder druk staande uitlaat, testdruk 150 kPa1<\/td><td>B3<\/td><\/tr><tr><td>Onder druk staande horizontale afvoer, testdruk 265 kPa                 <\/td><td>B4<\/td><\/tr><tr><td>Onder druk staande uitlaat, testdruk 150 kPa<\/td><td>B5<\/td><\/tr><tr><td>Onder druk staande uitlaat, testdruk 265 kPa<\/td><td>B6<\/td><\/tr><\/tbody><\/table><\/figure>\n\n\n\n<figure class=\"wp-block-table\"><table><tbody><tr><td><strong>S<\/strong><\/td><td><strong>Genoemde vrachtcontainer<\/strong><\/td><\/tr><\/tbody><\/table><\/figure>\n\n\n\n<figure class=\"wp-block-table\"><table><tbody><tr><td>Veetransport                                                                                                                                                                    <\/td><td>S0<\/td><\/tr><tr><td>Auto vervoerder                                                                                                                                                            <\/td><td>S1<\/td><\/tr><tr><td>Levende visdrager                                                                                                                                                         <\/td><td>S2<\/td><\/tr><\/tbody><\/table><\/figure>\n\n\n\n<figure class=\"wp-block-table\"><table><tbody><tr><td><strong>R<\/strong><\/td><td><strong>Thermische container<\/strong><\/td><\/tr><\/tbody><\/table><\/figure>\n\n\n\n<figure class=\"wp-block-table\"><table><tbody><tr><td>Gekoeld, mechanisch gekoeld<\/td><td>R0<\/td><\/tr><tr><td>Gekoeld en verwarmd, mechanisch gekoeld en verwarmd<\/td><td>R1<\/td><\/tr><tr><td>Zelfaangedreven gekoeld \/ verwarmd, mechanisch gekoeld<\/td><td>R2<\/td><\/tr><tr><td>Mechanisch gekoeld en verwarmd<\/td><td>R3<\/td><\/tr><\/tbody><\/table><\/figure>\n\n\n\n<figure class=\"wp-block-table\"><table><tbody><tr><td><strong>H<\/strong><\/td><td><strong>Thermische container<\/strong><\/td><\/tr><\/tbody><\/table><\/figure>\n\n\n\n<figure class=\"wp-block-table\"><table><tbody><tr><td>Gekoeld en\/of verwarmd, met verwijderbare apparatuur extern; <br>warmteoverdrachtsco\u00ebffici\u00ebnt K = 0,4W \/ (m2* K)<\/td><td>H0<\/td><\/tr><tr><td>Gekoeld en\/of verwarmd met verwijderbare apparatuur die zich intern <br>bevindt<\/td><td>H1<\/td><\/tr><tr><td>Gekoeld en\/of verwarmd, met verwijderbare apparatuur extern; <br>warmteoverdrachtsco\u00ebffici\u00ebnt K = 0,7W \/ (m2* K) <\/td><td>H2<\/td><\/tr><tr><td>Ge\u00efsoleerde;  warmteoverdrachtsco\u00ebffici\u00ebnt K = 0,4W \/  (m2* K) <\/td><td>H5<\/td><\/tr><tr><td>Ge\u00efsoleerde;  warmteoverdrachtsco\u00ebffici\u00ebnt K = 0,7W \/  (m2* K)  <\/td><td>H6<\/td><\/tr><\/tbody><\/table><\/figure>\n\n\n\n<h4 class=\"wp-block-heading\">Heeft u nog vragen? <\/h4>\n\n\n\n<p>Wilt u een container kopen of huren? Of wilt u een container modificeren volgens eigen specificaties? Neem dan contact op voor de mogelijkheden, wij adviseren u graag vrijblijvend op <a href=\"https:\/\/www.google.com\/maps?ll=52.425609,4.848249&amp;z=15&amp;t=m&amp;hl=nl-NL&amp;gl=NL&amp;mapclient=embed&amp;q=Vredeweg+38+1505+HH+Zaandam\">locatie<\/a>, per <a href=\"tel:\/\/0031-75-6176051\">telefoon<\/a> of per <a href=\"mailto:\/\/info@jongsma.nl\">e-mail<\/a>.<\/p>\n","protected":false},"excerpt":{"rendered":"<p>Voor het coderen en identificeren van containers is ISO 6346 (International Organization for Standardization) van toepassing. Elke container draagt een label met identificatie en technische gegevens: een uniek identificatienummer, waarbij het laatste cijfer een controlecijfer is. Het label bevat vervolgens de volgende gegevens: Het land waar hij is geregistreerd, de eigenaar, de tarra, het maximum&#8230; <\/p>\n<div class=\"link-more\"><a href=\"https:\/\/jongsma.nl\/?page_id=1873\">Lees Meer<\/a><\/div>\n","protected":false},"author":2,"featured_media":0,"parent":0,"menu_order":0,"comment_status":"closed","ping_status":"closed","template":"","meta":{"footnotes":""},"class_list":["post-1873","page","type-page","status-publish","hentry"],"yoast_head":"<!-- This site is optimized with the Yoast SEO plugin v18.8 - https:\/\/yoast.com\/wordpress\/plugins\/seo\/ -->\n<title>ISO 6346 Identificatie - codering containers - Jongsma BV<\/title>\n<meta name=\"description\" content=\"Voor het coderen en identificeren van containers is ISO 6346 (International Organization for Standardization) van toepassing.\" \/>\n<meta name=\"robots\" content=\"index, follow, max-snippet:-1, max-image-preview:large, max-video-preview:-1\" \/>\n<link rel=\"canonical\" href=\"https:\/\/jongsma.nl\/?page_id=1873\" \/>\n<meta property=\"og:locale\" content=\"nl_NL\" \/>\n<meta property=\"og:type\" content=\"article\" \/>\n<meta property=\"og:title\" content=\"ISO 6346 Identificatie - codering containers - Jongsma BV\" \/>\n<meta property=\"og:description\" content=\"Voor het coderen en identificeren van containers is ISO 6346 (International Organization for Standardization) van toepassing.\" \/>\n<meta property=\"og:url\" content=\"https:\/\/jongsma.nl\/?page_id=1873\" \/>\n<meta property=\"og:site_name\" content=\"Jongsma\" \/>\n<meta property=\"article:modified_time\" content=\"2020-07-25T11:24:45+00:00\" \/>\n<meta property=\"og:image\" content=\"https:\/\/jongsma.nl\/wp-content\/uploads\/2019\/11\/Container-deuren-3.png\" \/>\n<meta name=\"twitter:card\" content=\"summary_large_image\" \/>\n<meta name=\"twitter:label1\" content=\"Geschatte leestijd\" \/>\n\t<meta name=\"twitter:data1\" content=\"2 minuten\" \/>\n<script type=\"application\/ld+json\" class=\"yoast-schema-graph\">{\"@context\":\"https:\/\/schema.org\",\"@graph\":[{\"@type\":\"Organization\",\"@id\":\"https:\/\/jongsma.nl\/#organization\",\"name\":\"Jongsma Holding B.V.\",\"url\":\"https:\/\/jongsma.nl\/\",\"sameAs\":[],\"logo\":{\"@type\":\"ImageObject\",\"inLanguage\":\"nl-NL\",\"@id\":\"https:\/\/jongsma.nl\/#\/schema\/logo\/image\/\",\"url\":\"https:\/\/jongsma.nl\/wp-content\/uploads\/2018\/09\/logo-280X280-transparant-e1549279963969.png\",\"contentUrl\":\"https:\/\/jongsma.nl\/wp-content\/uploads\/2018\/09\/logo-280X280-transparant-e1549279963969.png\",\"width\":50,\"height\":50,\"caption\":\"Jongsma Holding B.V.\"},\"image\":{\"@id\":\"https:\/\/jongsma.nl\/#\/schema\/logo\/image\/\"}},{\"@type\":\"WebSite\",\"@id\":\"https:\/\/jongsma.nl\/#website\",\"url\":\"https:\/\/jongsma.nl\/\",\"name\":\"Jongsma\",\"description\":\"\",\"publisher\":{\"@id\":\"https:\/\/jongsma.nl\/#organization\"},\"potentialAction\":[{\"@type\":\"SearchAction\",\"target\":{\"@type\":\"EntryPoint\",\"urlTemplate\":\"https:\/\/jongsma.nl\/?s={search_term_string}\"},\"query-input\":\"required name=search_term_string\"}],\"inLanguage\":\"nl-NL\"},{\"@type\":\"ImageObject\",\"inLanguage\":\"nl-NL\",\"@id\":\"https:\/\/jongsma.nl\/?page_id=1873#primaryimage\",\"url\":\"https:\/\/jongsma.nl\/wp-content\/uploads\/2019\/11\/Container-deuren-3.png\",\"contentUrl\":\"https:\/\/jongsma.nl\/wp-content\/uploads\/2019\/11\/Container-deuren-3.png\",\"width\":334,\"height\":337,\"caption\":\"ISO 6346 codering\"},{\"@type\":\"WebPage\",\"@id\":\"https:\/\/jongsma.nl\/?page_id=1873#webpage\",\"url\":\"https:\/\/jongsma.nl\/?page_id=1873\",\"name\":\"ISO 6346 Identificatie - codering containers - Jongsma BV\",\"isPartOf\":{\"@id\":\"https:\/\/jongsma.nl\/#website\"},\"primaryImageOfPage\":{\"@id\":\"https:\/\/jongsma.nl\/?page_id=1873#primaryimage\"},\"datePublished\":\"2019-11-04T20:39:58+00:00\",\"dateModified\":\"2020-07-25T11:24:45+00:00\",\"description\":\"Voor het coderen en identificeren van containers is ISO 6346 (International Organization for Standardization) van toepassing.\",\"breadcrumb\":{\"@id\":\"https:\/\/jongsma.nl\/?page_id=1873#breadcrumb\"},\"inLanguage\":\"nl-NL\",\"potentialAction\":[{\"@type\":\"ReadAction\",\"target\":[\"https:\/\/jongsma.nl\/?page_id=1873\"]}]},{\"@type\":\"BreadcrumbList\",\"@id\":\"https:\/\/jongsma.nl\/?page_id=1873#breadcrumb\",\"itemListElement\":[{\"@type\":\"ListItem\",\"position\":1,\"name\":\"Home\",\"item\":\"https:\/\/jongsma.nl\/\"},{\"@type\":\"ListItem\",\"position\":2,\"name\":\"ISO 6346 Identificatie\"}]}]}<\/script>\n<!-- \/ Yoast SEO plugin. -->","yoast_head_json":{"title":"ISO 6346 Identificatie - codering containers - Jongsma BV","description":"Voor het coderen en identificeren van containers is ISO 6346 (International Organization for Standardization) van toepassing.","robots":{"index":"index","follow":"follow","max-snippet":"max-snippet:-1","max-image-preview":"max-image-preview:large","max-video-preview":"max-video-preview:-1"},"canonical":"https:\/\/jongsma.nl\/?page_id=1873","og_locale":"nl_NL","og_type":"article","og_title":"ISO 6346 Identificatie - codering containers - Jongsma BV","og_description":"Voor het coderen en identificeren van containers is ISO 6346 (International Organization for Standardization) van toepassing.","og_url":"https:\/\/jongsma.nl\/?page_id=1873","og_site_name":"Jongsma","article_modified_time":"2020-07-25T11:24:45+00:00","og_image":[{"url":"https:\/\/jongsma.nl\/wp-content\/uploads\/2019\/11\/Container-deuren-3.png"}],"twitter_card":"summary_large_image","twitter_misc":{"Geschatte leestijd":"2 minuten"},"schema":{"@context":"https:\/\/schema.org","@graph":[{"@type":"Organization","@id":"https:\/\/jongsma.nl\/#organization","name":"Jongsma Holding B.V.","url":"https:\/\/jongsma.nl\/","sameAs":[],"logo":{"@type":"ImageObject","inLanguage":"nl-NL","@id":"https:\/\/jongsma.nl\/#\/schema\/logo\/image\/","url":"https:\/\/jongsma.nl\/wp-content\/uploads\/2018\/09\/logo-280X280-transparant-e1549279963969.png","contentUrl":"https:\/\/jongsma.nl\/wp-content\/uploads\/2018\/09\/logo-280X280-transparant-e1549279963969.png","width":50,"height":50,"caption":"Jongsma Holding B.V."},"image":{"@id":"https:\/\/jongsma.nl\/#\/schema\/logo\/image\/"}},{"@type":"WebSite","@id":"https:\/\/jongsma.nl\/#website","url":"https:\/\/jongsma.nl\/","name":"Jongsma","description":"","publisher":{"@id":"https:\/\/jongsma.nl\/#organization"},"potentialAction":[{"@type":"SearchAction","target":{"@type":"EntryPoint","urlTemplate":"https:\/\/jongsma.nl\/?s={search_term_string}"},"query-input":"required name=search_term_string"}],"inLanguage":"nl-NL"},{"@type":"ImageObject","inLanguage":"nl-NL","@id":"https:\/\/jongsma.nl\/?page_id=1873#primaryimage","url":"https:\/\/jongsma.nl\/wp-content\/uploads\/2019\/11\/Container-deuren-3.png","contentUrl":"https:\/\/jongsma.nl\/wp-content\/uploads\/2019\/11\/Container-deuren-3.png","width":334,"height":337,"caption":"ISO 6346 codering"},{"@type":"WebPage","@id":"https:\/\/jongsma.nl\/?page_id=1873#webpage","url":"https:\/\/jongsma.nl\/?page_id=1873","name":"ISO 6346 Identificatie - codering containers - Jongsma BV","isPartOf":{"@id":"https:\/\/jongsma.nl\/#website"},"primaryImageOfPage":{"@id":"https:\/\/jongsma.nl\/?page_id=1873#primaryimage"},"datePublished":"2019-11-04T20:39:58+00:00","dateModified":"2020-07-25T11:24:45+00:00","description":"Voor het coderen en identificeren van containers is ISO 6346 (International Organization for Standardization) van toepassing.","breadcrumb":{"@id":"https:\/\/jongsma.nl\/?page_id=1873#breadcrumb"},"inLanguage":"nl-NL","potentialAction":[{"@type":"ReadAction","target":["https:\/\/jongsma.nl\/?page_id=1873"]}]},{"@type":"BreadcrumbList","@id":"https:\/\/jongsma.nl\/?page_id=1873#breadcrumb","itemListElement":[{"@type":"ListItem","position":1,"name":"Home","item":"https:\/\/jongsma.nl\/"},{"@type":"ListItem","position":2,"name":"ISO 6346 Identificatie"}]}]}},"_links":{"self":[{"href":"https:\/\/jongsma.nl\/index.php?rest_route=\/wp\/v2\/pages\/1873","targetHints":{"allow":["GET"]}}],"collection":[{"href":"https:\/\/jongsma.nl\/index.php?rest_route=\/wp\/v2\/pages"}],"about":[{"href":"https:\/\/jongsma.nl\/index.php?rest_route=\/wp\/v2\/types\/page"}],"author":[{"embeddable":true,"href":"https:\/\/jongsma.nl\/index.php?rest_route=\/wp\/v2\/users\/2"}],"replies":[{"embeddable":true,"href":"https:\/\/jongsma.nl\/index.php?rest_route=%2Fwp%2Fv2%2Fcomments&post=1873"}],"version-history":[{"count":13,"href":"https:\/\/jongsma.nl\/index.php?rest_route=\/wp\/v2\/pages\/1873\/revisions"}],"predecessor-version":[{"id":2528,"href":"https:\/\/jongsma.nl\/index.php?rest_route=\/wp\/v2\/pages\/1873\/revisions\/2528"}],"wp:attachment":[{"href":"https:\/\/jongsma.nl\/index.php?rest_route=%2Fwp%2Fv2%2Fmedia&parent=1873"}],"curies":[{"name":"wp","href":"https:\/\/api.w.org\/{rel}","templated":true}]}}